{"id":74,"date":"2017-05-26T10:40:01","date_gmt":"2017-05-26T08:40:01","guid":{"rendered":"http:\/\/www.marianogarau.org\/?page_id=74"},"modified":"2026-03-23T10:16:35","modified_gmt":"2026-03-23T09:16:35","slug":"biografia","status":"publish","type":"page","link":"https:\/\/www.marianogarau.org\/en\/biografia\/","title":{"rendered":"Biography"},"content":{"rendered":"<section  class='av_textblock_section av-2k5q6-d0f24b3793a9ce872d0fb92e57b6c7ee'   itemscope=\"itemscope\" itemtype=\"https:\/\/schema.org\/CreativeWork\" ><div class='avia_textblock'  itemprop=\"text\" ><p>Mariano Garau began dedicating himself to music as a small singer in the Ceciliano Choir under the guidance of Maestro Pietro Allori<img loading=\"lazy\" decoding=\"async\" class=\"wp-image-6850 alignright\" src=\"https:\/\/www.marianogarau.org\/wp-content\/uploads\/2023\/07\/Mariano-Garau2-min-936x1030.jpg\" alt=\"\" width=\"528\" height=\"582\" srcset=\"https:\/\/www.marianogarau.org\/wp-content\/uploads\/2023\/07\/Mariano-Garau2-min-936x1030.jpg 936w, https:\/\/www.marianogarau.org\/wp-content\/uploads\/2023\/07\/Mariano-Garau2-min-273x300.jpg 273w, https:\/\/www.marianogarau.org\/wp-content\/uploads\/2023\/07\/Mariano-Garau2-min-768x845.jpg 768w, https:\/\/www.marianogarau.org\/wp-content\/uploads\/2023\/07\/Mariano-Garau2-min-1395x1536.jpg 1395w, https:\/\/www.marianogarau.org\/wp-content\/uploads\/2023\/07\/Mariano-Garau2-min-1861x2048.jpg 1861w, https:\/\/www.marianogarau.org\/wp-content\/uploads\/2023\/07\/Mariano-Garau2-min-11x12.jpg 11w, https:\/\/www.marianogarau.org\/wp-content\/uploads\/2023\/07\/Mariano-Garau2-min-1363x1500.jpg 1363w, https:\/\/www.marianogarau.org\/wp-content\/uploads\/2023\/07\/Mariano-Garau2-min-640x705.jpg 640w, https:\/\/www.marianogarau.org\/wp-content\/uploads\/2023\/07\/Mariano-Garau2-min-1320x1453.jpg 1320w\" sizes=\"auto, (max-width: 528px) 100vw, 528px\" \/>. He studied Harmony and Counterpoint with Maestro Rodolfo Cicionesi from Florence.<\/p>\n<p>He is an author of romances for Soprano, Tenor, children's songs, Masses and Motets for choir.<\/p>\n<p>For the Amnesty International Association he wrote a piece for the chorus of white voices, inserted in the DVD \"TAPES OF WORDS FOR GIRTH ROUND OF PEACE\", officially presented in Sassari on December 17, 2012.<\/p>\n<p>With the \"Editrice ARES\" (Verona) and \"Tagliabue Editore\" he publishes the files: \"Nel mio canto la sua lode\", \"Armonie di Natale\u201d, <a href=\"https:\/\/www.youtube.com\/watch?v=17Y_pTlaCfs\">\u201cLa Preghiera del Carabiniere\u201d<\/a> \u201cMessa Giovanni Paolo II\u201d and other songs for the liturgy.<\/p>\n<p>He has collaborated with <a href=\"https:\/\/madamemm.wordpress.com\/\">Natalia Di Bartolo,<\/a> Art Historian and Musicologist!<\/p>\n<p>The Swiss publishing house <a href=\"https:\/\/sympaphonie.ch\/\">'SYMPAPHONIE'<\/a> and Les <a href=\"http:\/\/edacj.musicanet.org\/\">\u00c9ditions \u00c0 C\u0153ur Joie<\/a> publish some of his choral pages. For the \"Philadelphia International Opera Theater\" writes the Cantata <strong>\"Hildegard vonBingen: Mystical Child\"<\/strong> based on a libretto by Karen Saillant, performed in world premiere in Assisi, in collaboration with the \"Assisi Suono Sacro\" Cultural Association; the Opera was repeated in America in November 2015.<\/p>\n<p>In 2016, Maestro Mariano Garau received the request for a new \"Cantata su Hildegard\", which was performed in the \"Basilica Superiore San Francesco di Assisi\" on August 6. The new work, entitled<strong>\"Hildegard Von Bingen Mystical Child and The Black Virgin\", <\/strong>with the participation of Jamaican soprano <a href=\"https:\/\/www.carlinewaugh.com\/\">Carline Waugh<\/a>.<\/p>\n<p>The opera was repeated on 15 October at Our Lady of Czestochowa in Doylestown, Pennsylvania, on the occasion of the 50th anniversary of the sanctification of that church, the largest in the United States dedicated to the Black Madonna, and on 23 October at The Church of the Advocate in Philadelphia.<\/p>\n<p>On August 6, 2017, in Citt\u00e0 della Pieve, his recent work <a href=\"http:\/\/www.assisioggi.it\/arte-cultura\/bambini-fatima-miracolo-del-sole-chiude-assisi-suono-sacro-2017-34084\/\"><strong>\u201cI bambini di Fatima e il miracolo del sole\u201d is represented\u00a0<\/strong><\/a><\/p>\n<p>In 2018 in Seattle, Washington State, two of his songs were published and included in a major collection of 100 sacred songs: O JESU MI DULCISSIME, MAGNIFICAT!<\/p>\n<p>On 8 December 2023, he received an award from the municipalities of Valle Anzasca and Pieve Vergonte as AUTHOR OF INNUMEROUS COMPOSITIONS FOR CHORUS!<\/p>\n<p>On 22 September 2024, the Ch\u00f3r Filharmonii \u015al\u0105skiej conducted by Maestro Jaros\u0142aw Wolanin will premiere the Magnificat composed for the centenary of the apparition of Fatima at the Polish Theatre in Katowice!<\/p>\n<p>On 30 April 2025, he was Guest of Honour as a composer in the city of <strong>Szeged in Hungary!<\/strong><\/p>\n<p>Nel 2025 viene chiamato a far parte della giuria tecnica per il 10\u00b0 Concorso Corale Internazionale \u201cNuoro Patria dei Cori\u201d!<\/p>\n<p>In the year 2025, the Pescara-based Associazione Regionale Cori D'Abbruzzo promotes an important project entitled 'Musiche per il Giubileo' ('Music for the Jubilee'), in which Mariano Garau's piece 'O QUAM MIRABILIS' on a text by Hildegard von Bingen will be published.<\/p>\n<p>The piece is premiered by the Miravox Chorale of Trasacco (AQ) conducted by Maestro Andrea Caruso!<\/p>\n<p>His compositions are performed by choirs from all over the world:<br \/>\nItalia, Stati Uniti, Australia, Francia, Argentina, Brasile, Slovenia, Olanda, Austria, Ungheria, Lettonia, Spagna, Germania, Corea del sud, Giappone, Cina, Svizzera, Polonia, Inghilterra, Portogallo, Irlanda, Romania, Sud America, Sud Africa, Repubblica Ceca, Belgio, Per\u00f9, Messico, Canada, Norvegia, Grecia, Slovacchia, Croazia, Indonesia, Venezuela, Florida, Nuova Zelanda, Asia Meridionale, Finlandia, Russia.<\/p>\n<\/div><\/section>\n<div  class='hr av-1z08a-6e7b50c4bb5c1534803f126395d7e33f hr-default  avia-builder-el-1  el_after_av_textblock  el_before_av_social_share'><span class='hr-inner'><span class=\"hr-inner-style\"><\/span><\/span><\/div>\n<div  class='av-social-sharing-box av-1jb12-027717e9ca28593381aba09be89790e3 av-social-sharing-box-default  avia-builder-el-2  el_after_av_hr  el_before_av_one_full  av-social-sharing-box-fullwidth'><div class=\"av-share-box\"><h5 class='av-share-link-description av-no-toc'>Share this page<\/h5><ul class=\"av-share-box-list noLightbox\"><li class='av-share-link av-social-link-facebook avia_social_iconfont' ><a target=\"_blank\" aria-label=\"Share on Facebook\" href='https:\/\/www.facebook.com\/sharer.php?u=https:\/\/www.marianogarau.org\/en\/biografia\/&#038;t=Biografia' data-av_icon='\ue8f3' data-av_iconfont='entypo-fontello'  title='' data-avia-related-tooltip='Share on Facebook'><span class='avia_hidden_link_text'>Share on Facebook<\/span><\/a><\/li><li class='av-share-link av-social-link-twitter avia_social_iconfont' ><a target=\"_blank\" aria-label=\"Share on X\" href='https:\/\/twitter.com\/share?text=Biografia&#038;url=https:\/\/www.marianogarau.org\/en\/?p=74' data-av_icon='\ue932' data-av_iconfont='entypo-fontello'  title='' data-avia-related-tooltip='Share on X'><span class='avia_hidden_link_text'>Share on X<\/span><\/a><\/li><li class='av-share-link av-social-link-whatsapp avia_social_iconfont' ><a target=\"_blank\" aria-label=\"Share on WhatsApp\" href='https:\/\/api.whatsapp.com\/send?text=https:\/\/www.marianogarau.org\/en\/biografia\/' data-av_icon='\uf232' data-av_iconfont='entypo-fontello'  title='' data-avia-related-tooltip='Share on WhatsApp'><span class='avia_hidden_link_text'>Share on WhatsApp<\/span><\/a><\/li><li class='av-share-link av-social-link-pinterest avia_social_iconfont' ><a target=\"_blank\" aria-label=\"Share on Pinterest\" href='https:\/\/pinterest.com\/pin\/create\/button\/?url=https%3A%2F%2Fwww.marianogarau.org%2Fen%2Fbiografia%2F&#038;description=Biografia&#038;media=' data-av_icon='\ue8f8' data-av_iconfont='entypo-fontello'  title='' data-avia-related-tooltip='Share on Pinterest'><span class='avia_hidden_link_text'>Share on Pinterest<\/span><\/a><\/li><li class='av-share-link av-social-link-linkedin avia_social_iconfont' ><a target=\"_blank\" aria-label=\"Share on LinkedIn\" href='https:\/\/linkedin.com\/shareArticle?mini=true&#038;title=Biografia&#038;url=https:\/\/www.marianogarau.org\/en\/biografia\/' data-av_icon='\ue8fc' data-av_iconfont='entypo-fontello'  title='' data-avia-related-tooltip='Share on LinkedIn'><span class='avia_hidden_link_text'>Share on LinkedIn<\/span><\/a><\/li><li class='av-share-link av-social-link-tumblr avia_social_iconfont' ><a target=\"_blank\" aria-label=\"Share on Tumblr\" href='https:\/\/www.tumblr.com\/share\/link?url=https%3A%2F%2Fwww.marianogarau.org%2Fen%2Fbiografia%2F&#038;name=Biografia&#038;description=' data-av_icon='\ue8fa' data-av_iconfont='entypo-fontello'  title='' data-avia-related-tooltip='Share on Tumblr'><span class='avia_hidden_link_text'>Share on Tumblr<\/span><\/a><\/li><li class='av-share-link av-social-link-mail avia_social_iconfont' ><a  aria-label=\"Share by Mail\" href='mailto:?subject=Biografia&#038;body=https:\/\/www.marianogarau.org\/en\/biografia\/' data-av_icon='\ue805' data-av_iconfont='entypo-fontello'  title='' data-avia-related-tooltip='Share by Mail'><span class='avia_hidden_link_text'>Share by Mail<\/span><\/a><\/li><\/ul><\/div><\/div>\n\n<style type=\"text\/css\" data-created_by=\"avia_inline_auto\" id=\"style-css-av-uwei-a1aa79eb418e3d64b762286614809f42\">\n.flex_column.av-uwei-a1aa79eb418e3d64b762286614809f42{\nborder-radius:0px 0px 0px 0px;\npadding:0px 0px 0px 0px;\n}\n<\/style>\n<div  class='flex_column av-uwei-a1aa79eb418e3d64b762286614809f42 av_one_full  avia-builder-el-3  el_after_av_social_share  avia-builder-el-last  first flex_column_div av-zero-column-padding'     ><\/div>","protected":false},"excerpt":{"rendered":"","protected":false},"author":1,"featured_media":0,"parent":0,"menu_order":0,"comment_status":"closed","ping_status":"closed","template":"","meta":{"footnotes":""},"class_list":["post-74","page","type-page","status-publish","hentry"],"yoast_head":"<!-- This site is optimized with the Yoast SEO plugin v27.4 - https:\/\/yoast.com\/product\/yoast-seo-wordpress\/ -->\n<title>Biografia e opere del maestro di musica - Mariano Garau Compositore<\/title>\n<meta name=\"description\" content=\"Nato a Iglesias, ha cominciato in giovanissima et\u00e0 a dedicarsi alla musica sotto la guida del compositore Pietro Allori della Cattedrale di Iglesias\" \/>\n<meta name=\"robots\" content=\"index, follow, max-snippet:-1, max-image-preview:large, max-video-preview:-1\" \/>\n<link rel=\"canonical\" href=\"https:\/\/www.marianogarau.org\/en\/biografia\/\" \/>\n<meta property=\"og:locale\" content=\"en_GB\" \/>\n<meta property=\"og:type\" content=\"article\" \/>\n<meta property=\"og:title\" content=\"Biografia e opere del maestro di musica - Mariano Garau Compositore\" \/>\n<meta property=\"og:description\" content=\"Nato a Iglesias, ha cominciato in giovanissima et\u00e0 a dedicarsi alla musica sotto la guida del compositore Pietro Allori della Cattedrale di Iglesias\" \/>\n<meta property=\"og:url\" content=\"https:\/\/www.marianogarau.org\/en\/biografia\/\" \/>\n<meta property=\"og:site_name\" content=\"Mariano Garau - Compositore\" \/>\n<meta property=\"article:modified_time\" content=\"2026-03-23T09:16:35+00:00\" \/>\n<meta property=\"og:image\" content=\"https:\/\/www.marianogarau.org\/wp-content\/uploads\/2023\/07\/Mariano-Garau2-min-936x1030.jpg\" \/>\n\t<meta property=\"og:image:width\" content=\"936\" \/>\n\t<meta property=\"og:image:height\" content=\"1030\" \/>\n\t<meta property=\"og:image:type\" content=\"image\/jpeg\" \/>\n<meta name=\"twitter:card\" content=\"summary_large_image\" \/>\n<meta name=\"twitter:site\" content=\"@MarianoGarau\" \/>\n<meta name=\"twitter:label1\" content=\"Estimated reading time\" \/>\n\t<meta name=\"twitter:data1\" content=\"4 minutes\" \/>\n<script type=\"application\/ld+json\" class=\"yoast-schema-graph\">{\"@context\":\"https:\\\/\\\/schema.org\",\"@graph\":[{\"@type\":\"WebPage\",\"@id\":\"https:\\\/\\\/www.marianogarau.org\\\/biografia\\\/\",\"url\":\"https:\\\/\\\/www.marianogarau.org\\\/biografia\\\/\",\"name\":\"Biografia e opere del maestro di musica - Mariano Garau Compositore\",\"isPartOf\":{\"@id\":\"https:\\\/\\\/www.marianogarau.org\\\/#website\"},\"primaryImageOfPage\":{\"@id\":\"https:\\\/\\\/www.marianogarau.org\\\/biografia\\\/#primaryimage\"},\"image\":{\"@id\":\"https:\\\/\\\/www.marianogarau.org\\\/biografia\\\/#primaryimage\"},\"thumbnailUrl\":\"https:\\\/\\\/www.marianogarau.org\\\/wp-content\\\/uploads\\\/2023\\\/07\\\/Mariano-Garau2-min-936x1030.jpg\",\"datePublished\":\"2017-05-26T08:40:01+00:00\",\"dateModified\":\"2026-03-23T09:16:35+00:00\",\"description\":\"Nato a Iglesias, ha cominciato in giovanissima et\u00e0 a dedicarsi alla musica sotto la guida del compositore Pietro Allori della Cattedrale di Iglesias\",\"breadcrumb\":{\"@id\":\"https:\\\/\\\/www.marianogarau.org\\\/biografia\\\/#breadcrumb\"},\"inLanguage\":\"en-GB\",\"potentialAction\":[{\"@type\":\"ReadAction\",\"target\":[\"https:\\\/\\\/www.marianogarau.org\\\/biografia\\\/\"]}]},{\"@type\":\"ImageObject\",\"inLanguage\":\"en-GB\",\"@id\":\"https:\\\/\\\/www.marianogarau.org\\\/biografia\\\/#primaryimage\",\"url\":\"https:\\\/\\\/www.marianogarau.org\\\/wp-content\\\/uploads\\\/2023\\\/07\\\/Mariano-Garau2-min-936x1030.jpg\",\"contentUrl\":\"https:\\\/\\\/www.marianogarau.org\\\/wp-content\\\/uploads\\\/2023\\\/07\\\/Mariano-Garau2-min-936x1030.jpg\"},{\"@type\":\"BreadcrumbList\",\"@id\":\"https:\\\/\\\/www.marianogarau.org\\\/biografia\\\/#breadcrumb\",\"itemListElement\":[{\"@type\":\"ListItem\",\"position\":1,\"name\":\"Home\",\"item\":\"https:\\\/\\\/www.marianogarau.org\\\/\"},{\"@type\":\"ListItem\",\"position\":2,\"name\":\"Biografia\"}]},{\"@type\":\"WebSite\",\"@id\":\"https:\\\/\\\/www.marianogarau.org\\\/#website\",\"url\":\"https:\\\/\\\/www.marianogarau.org\\\/\",\"name\":\"Mariano Garau - Compositore\",\"description\":\"Compositore di Musica\",\"publisher\":{\"@id\":\"https:\\\/\\\/www.marianogarau.org\\\/#\\\/schema\\\/person\\\/e4d73d58aa8bf49287956511f05bd4b0\"},\"potentialAction\":[{\"@type\":\"SearchAction\",\"target\":{\"@type\":\"EntryPoint\",\"urlTemplate\":\"https:\\\/\\\/www.marianogarau.org\\\/?s={search_term_string}\"},\"query-input\":{\"@type\":\"PropertyValueSpecification\",\"valueRequired\":true,\"valueName\":\"search_term_string\"}}],\"inLanguage\":\"en-GB\"},{\"@type\":[\"Person\",\"Organization\"],\"@id\":\"https:\\\/\\\/www.marianogarau.org\\\/#\\\/schema\\\/person\\\/e4d73d58aa8bf49287956511f05bd4b0\",\"name\":\"Mariano Garau\",\"image\":{\"@type\":\"ImageObject\",\"inLanguage\":\"en-GB\",\"@id\":\"https:\\\/\\\/www.marianogarau.org\\\/wp-content\\\/uploads\\\/2017\\\/05\\\/MARIANO-GARAU-LOGO-1.png\",\"url\":\"https:\\\/\\\/www.marianogarau.org\\\/wp-content\\\/uploads\\\/2017\\\/05\\\/MARIANO-GARAU-LOGO-1.png\",\"contentUrl\":\"https:\\\/\\\/www.marianogarau.org\\\/wp-content\\\/uploads\\\/2017\\\/05\\\/MARIANO-GARAU-LOGO-1.png\",\"width\":680,\"height\":312,\"caption\":\"Mariano Garau\"},\"logo\":{\"@id\":\"https:\\\/\\\/www.marianogarau.org\\\/wp-content\\\/uploads\\\/2017\\\/05\\\/MARIANO-GARAU-LOGO-1.png\"},\"sameAs\":[\"http:\\\/\\\/www.marianogarau.org\"]}]}<\/script>\n<!-- \/ Yoast SEO plugin. -->","yoast_head_json":{"title":"Biography and works of the music teacher - Mariano Garau Composer","description":"Born in Iglesias, he began to devote himself to music at a very young age under the guidance of composer Pietro Allori of Iglesias Cathedral","robots":{"index":"index","follow":"follow","max-snippet":"max-snippet:-1","max-image-preview":"max-image-preview:large","max-video-preview":"max-video-preview:-1"},"canonical":"https:\/\/www.marianogarau.org\/en\/biografia\/","og_locale":"en_GB","og_type":"article","og_title":"Biografia e opere del maestro di musica - Mariano Garau Compositore","og_description":"Nato a Iglesias, ha cominciato in giovanissima et\u00e0 a dedicarsi alla musica sotto la guida del compositore Pietro Allori della Cattedrale di Iglesias","og_url":"https:\/\/www.marianogarau.org\/en\/biografia\/","og_site_name":"Mariano Garau - Compositore","article_modified_time":"2026-03-23T09:16:35+00:00","og_image":[{"width":936,"height":1030,"url":"https:\/\/www.marianogarau.org\/wp-content\/uploads\/2023\/07\/Mariano-Garau2-min-936x1030.jpg","type":"image\/jpeg"}],"twitter_card":"summary_large_image","twitter_site":"@MarianoGarau","twitter_misc":{"Estimated reading time":"4 minutes"},"schema":{"@context":"https:\/\/schema.org","@graph":[{"@type":"WebPage","@id":"https:\/\/www.marianogarau.org\/biografia\/","url":"https:\/\/www.marianogarau.org\/biografia\/","name":"Biography and works of the music teacher - Mariano Garau Composer","isPartOf":{"@id":"https:\/\/www.marianogarau.org\/#website"},"primaryImageOfPage":{"@id":"https:\/\/www.marianogarau.org\/biografia\/#primaryimage"},"image":{"@id":"https:\/\/www.marianogarau.org\/biografia\/#primaryimage"},"thumbnailUrl":"https:\/\/www.marianogarau.org\/wp-content\/uploads\/2023\/07\/Mariano-Garau2-min-936x1030.jpg","datePublished":"2017-05-26T08:40:01+00:00","dateModified":"2026-03-23T09:16:35+00:00","description":"Born in Iglesias, he began to devote himself to music at a very young age under the guidance of composer Pietro Allori of Iglesias Cathedral","breadcrumb":{"@id":"https:\/\/www.marianogarau.org\/biografia\/#breadcrumb"},"inLanguage":"en-GB","potentialAction":[{"@type":"ReadAction","target":["https:\/\/www.marianogarau.org\/biografia\/"]}]},{"@type":"ImageObject","inLanguage":"en-GB","@id":"https:\/\/www.marianogarau.org\/biografia\/#primaryimage","url":"https:\/\/www.marianogarau.org\/wp-content\/uploads\/2023\/07\/Mariano-Garau2-min-936x1030.jpg","contentUrl":"https:\/\/www.marianogarau.org\/wp-content\/uploads\/2023\/07\/Mariano-Garau2-min-936x1030.jpg"},{"@type":"BreadcrumbList","@id":"https:\/\/www.marianogarau.org\/biografia\/#breadcrumb","itemListElement":[{"@type":"ListItem","position":1,"name":"Home","item":"https:\/\/www.marianogarau.org\/"},{"@type":"ListItem","position":2,"name":"Biografia"}]},{"@type":"WebSite","@id":"https:\/\/www.marianogarau.org\/#website","url":"https:\/\/www.marianogarau.org\/","name":"Mariano Garau - Composer","description":"Music Composer","publisher":{"@id":"https:\/\/www.marianogarau.org\/#\/schema\/person\/e4d73d58aa8bf49287956511f05bd4b0"},"potentialAction":[{"@type":"SearchAction","target":{"@type":"EntryPoint","urlTemplate":"https:\/\/www.marianogarau.org\/?s={search_term_string}"},"query-input":{"@type":"PropertyValueSpecification","valueRequired":true,"valueName":"search_term_string"}}],"inLanguage":"en-GB"},{"@type":["Person","Organization"],"@id":"https:\/\/www.marianogarau.org\/#\/schema\/person\/e4d73d58aa8bf49287956511f05bd4b0","name":"Mariano Garau","image":{"@type":"ImageObject","inLanguage":"en-GB","@id":"https:\/\/www.marianogarau.org\/wp-content\/uploads\/2017\/05\/MARIANO-GARAU-LOGO-1.png","url":"https:\/\/www.marianogarau.org\/wp-content\/uploads\/2017\/05\/MARIANO-GARAU-LOGO-1.png","contentUrl":"https:\/\/www.marianogarau.org\/wp-content\/uploads\/2017\/05\/MARIANO-GARAU-LOGO-1.png","width":680,"height":312,"caption":"Mariano Garau"},"logo":{"@id":"https:\/\/www.marianogarau.org\/wp-content\/uploads\/2017\/05\/MARIANO-GARAU-LOGO-1.png"},"sameAs":["http:\/\/www.marianogarau.org"]}]}},"_links":{"self":[{"href":"https:\/\/www.marianogarau.org\/en\/wp-json\/wp\/v2\/pages\/74","targetHints":{"allow":["GET"]}}],"collection":[{"href":"https:\/\/www.marianogarau.org\/en\/wp-json\/wp\/v2\/pages"}],"about":[{"href":"https:\/\/www.marianogarau.org\/en\/wp-json\/wp\/v2\/types\/page"}],"author":[{"embeddable":true,"href":"https:\/\/www.marianogarau.org\/en\/wp-json\/wp\/v2\/users\/1"}],"replies":[{"embeddable":true,"href":"https:\/\/www.marianogarau.org\/en\/wp-json\/wp\/v2\/comments?post=74"}],"version-history":[{"count":3,"href":"https:\/\/www.marianogarau.org\/en\/wp-json\/wp\/v2\/pages\/74\/revisions"}],"predecessor-version":[{"id":9867,"href":"https:\/\/www.marianogarau.org\/en\/wp-json\/wp\/v2\/pages\/74\/revisions\/9867"}],"wp:attachment":[{"href":"https:\/\/www.marianogarau.org\/en\/wp-json\/wp\/v2\/media?parent=74"}],"curies":[{"name":"wp","href":"https:\/\/api.w.org\/{rel}","templated":true}]}}