{"id":5306,"date":"2022-09-22T16:56:42","date_gmt":"2022-09-22T14:56:42","guid":{"rendered":"https:\/\/www.marianogarau.org\/?page_id=5306"},"modified":"2022-10-28T17:27:48","modified_gmt":"2022-10-28T15:27:48","slug":"i-bambini-di-fatima","status":"publish","type":"page","link":"http:\/\/www.marianogarau.org\/fr\/i-bambini-di-fatima\/","title":{"rendered":"Les enfants de Fatima"},"content":{"rendered":"<div  class='flex_column av-3xf7ey-c8a30a552719a0e99fb41bc735675ac7 av_one_third  avia-builder-el-0  el_before_av_two_third  avia-builder-el-first  first flex_column_div'     ><style type=\"text\/css\" data-created_by=\"avia_inline_auto\" id=\"style-css-av-l8d6jl6i-6a6e987f0cb79f4e1dd47d2596ad74b4\">\n#top .avia-gallery.av-l8d6jl6i-6a6e987f0cb79f4e1dd47d2596ad74b4 .avia-gallery-thumb a{\nwidth:100%;\n}\n<\/style>\n<div  class='avia-gallery av-l8d6jl6i-6a6e987f0cb79f4e1dd47d2596ad74b4 avia_animate_when_visible  avia-builder-el-1  avia-builder-el-no-sibling  avia_lazyload avia-gallery-animate avia-gallery-1'  itemprop=\"image\" itemscope=\"itemscope\" itemtype=\"https:\/\/schema.org\/ImageObject\" ><meta itemprop=\"contentURL\" content=\"http:\/\/www.marianogarau.org\/fr\/i-bambini-di-fatima\/\"><div class='avia-gallery-thumb'><a href=\"https:\/\/www.marianogarau.org\/wp-content\/uploads\/2022\/09\/20526033_10154524535287000_4748496866081123614_n.jpg\" data-srcset=\"https:\/\/www.marianogarau.org\/wp-content\/uploads\/2022\/09\/20526033_10154524535287000_4748496866081123614_n.jpg 589w, https:\/\/www.marianogarau.org\/wp-content\/uploads\/2022\/09\/20526033_10154524535287000_4748496866081123614_n-184x300.jpg 184w, https:\/\/www.marianogarau.org\/wp-content\/uploads\/2022\/09\/20526033_10154524535287000_4748496866081123614_n-7x12.jpg 7w, https:\/\/www.marianogarau.org\/wp-content\/uploads\/2022\/09\/20526033_10154524535287000_4748496866081123614_n-433x705.jpg 433w\" data-sizes=\"(max-width: 589px) 100vw, 589px\" data-rel='gallery-1' data-prev-img='https:\/\/www.marianogarau.org\/wp-content\/uploads\/2022\/09\/20526033_10154524535287000_4748496866081123614_n-495x400.jpg' class='first_thumb lightbox' data-onclick='1' title=''  itemprop=\"thumbnailUrl\"  ><img decoding=\"async\" fetchpriority=\"high\" class=\"wp-image-5311 avia-img-lazy-loading-not-5311\"   src=\"https:\/\/www.marianogarau.org\/wp-content\/uploads\/2022\/09\/20526033_10154524535287000_4748496866081123614_n-495x400.jpg\" width=\"495\" height=\"400\"  title='' alt='' \/><div class='big-prev-fake'><img decoding=\"async\" loading=\"lazy\" class=\"wp-image-5311 avia-img-lazy-loading-5311\"  width=\"495\" height=\"400\" src=\"https:\/\/www.marianogarau.org\/wp-content\/uploads\/2022\/09\/20526033_10154524535287000_4748496866081123614_n-495x400.jpg\" title='' alt='' \/><\/div><\/a><\/div><\/div><\/div>\n<div  class='flex_column av-35tz8q-abf3ff10cd39e427e506b84da57a2d92 av_two_third  avia-builder-el-2  el_after_av_one_third  el_before_av_hr  flex_column_div'     ><style type=\"text\/css\" data-created_by=\"avia_inline_auto\" id=\"style-css-av-l8d6i4xp-a40dcc2e268f04991f95abe92f16012d\">\n#top .av_textblock_section.av-l8d6i4xp-a40dcc2e268f04991f95abe92f16012d .avia_textblock{\ncolor:#b02b2c;\n}\n<\/style>\n<section  class='av_textblock_section av-l8d6i4xp-a40dcc2e268f04991f95abe92f16012d'   itemscope=\"itemscope\" itemtype=\"https:\/\/schema.org\/CreativeWork\" ><div class='avia_textblock av_inherit_color'  itemprop=\"text\" ><section class=\"av_textblock_section av-1anqv2-97aafc110f0a2addebd93b30a2663fcb\">\n<div class=\"avia_textblock\">\n<h2 style=\"text-align: center;\">FATIMA CENTENNIAL 2017<\/h2>\n<p>Fatima Centennial 2017 &amp; International Opera Theater of Philadelphia sont fiers d'annoncer que le compositeur de musique sacr\u00e9e de renomm\u00e9e mondiale,\u00a0<strong>Mariano Garau<\/strong>La musique de notre quatri\u00e8me cantate, cr\u00e9\u00e9e en premi\u00e8re mondiale, c\u00e9l\u00e9brera le 100e anniversaire de l'apparition de la Vierge de Fatima aux jeunes bergers : \"Les enfants de Fatima et le miracle du soleil\".<\/p>\n<\/div>\n<\/section>\n<section class=\"av_textblock_section av-10o9i6-4f9783c270ceccb8030d210065e9ac64\">\n<div class=\"avia_textblock\">\n<p>Avec un livret de Karen Lauria Saillant &amp; Christian Bygott et une traduction italienne de Maria Luisa Meo, la premi\u00e8re aura lieu le 6 ao\u00fbt 2017 au Santuario Di Fatima dans la magnifique Comune di Citt\u00e0 della Pieve o\u00f9 se trouve le premier sanctuaire de Fatima de toute l'Italie.<\/p>\n<\/div>\n<\/section>\n<section class=\"av_textblock_section av-uvv6u-631b3e6c3055befc6e983336a120a680\">\n<div class=\"avia_textblock\">\n<p>La production est plac\u00e9e sous les auspices du festival Assisi Suono Sacro et de l'agence artistique Adagio et mettra en vedette la belle mezzo-soprano anglaise Jennifer Parker dans le r\u00f4le de la Madone et 11 enfants de la r\u00e9gion de Philadelphie dans les r\u00f4les des enfants et des vertus nomm\u00e9s par Hildegard.<\/p>\n<\/div>\n<\/section>\n<section class=\"av_textblock_section av-t3pry-6c2a0795c88fe1c8e47694543f034089\">\n<div class=\"avia_textblock\">\n<p>Un des plus beaux projets que l'International Opera Theater of Philadelphia ait jamais cr\u00e9\u00e9 ! De si belles jeunes sopranos qui chantent une si belle musique, si bien ex\u00e9cut\u00e9e ! !! Sentiments SO BLESSED !!!\u00a0<strong>Mariano Garau<\/strong>\u00a0- INCROYABLE- compositeur de musique sacr\u00e9e superlatif ! !!<\/p>\n<\/div>\n<\/section>\n<\/div><\/section><\/div><div  class='hr av-3406ey-770b99394e377c4123dcc3efc2746038 hr-default  avia-builder-el-4  el_after_av_two_third  el_before_av_one_third'><span class='hr-inner'><span class=\"hr-inner-style\"><\/span><\/span><\/div><\/p>\n<div  class='flex_column av-3stb6y-a6e3c1c137475b842a9d6739551f1f8d av_one_third  avia-builder-el-5  el_after_av_hr  el_before_av_two_third  first flex_column_div'     ><style type=\"text\/css\" data-created_by=\"avia_inline_auto\" id=\"style-css-av-2u8o3e-6156ca6d9f9245f347b8984bedf94053\">\n#top .avia-gallery.av-2u8o3e-6156ca6d9f9245f347b8984bedf94053 .avia-gallery-thumb a{\nwidth:100%;\n}\n<\/style>\n<div  class='avia-gallery av-2u8o3e-6156ca6d9f9245f347b8984bedf94053 avia_animate_when_visible  avia-builder-el-6  avia-builder-el-no-sibling  avia_lazyload avia-gallery-animate avia-gallery-2'  itemprop=\"image\" itemscope=\"itemscope\" itemtype=\"https:\/\/schema.org\/ImageObject\" ><meta itemprop=\"contentURL\" content=\"http:\/\/www.marianogarau.org\/fr\/i-bambini-di-fatima\/\"><div class='avia-gallery-thumb'><a href=\"https:\/\/www.marianogarau.org\/wp-content\/uploads\/2022\/09\/I-bambini-di-Fatima-678x381-1.jpg\" data-srcset=\"https:\/\/www.marianogarau.org\/wp-content\/uploads\/2022\/09\/I-bambini-di-Fatima-678x381-1.jpg 678w, https:\/\/www.marianogarau.org\/wp-content\/uploads\/2022\/09\/I-bambini-di-Fatima-678x381-1-300x169.jpg 300w, https:\/\/www.marianogarau.org\/wp-content\/uploads\/2022\/09\/I-bambini-di-Fatima-678x381-1-18x10.jpg 18w\" data-sizes=\"(max-width: 678px) 100vw, 678px\" data-rel='gallery-2' data-prev-img='https:\/\/www.marianogarau.org\/wp-content\/uploads\/2022\/09\/I-bambini-di-Fatima-678x381-1-495x381.jpg' class='first_thumb lightbox' data-onclick='1' title=''  itemprop=\"thumbnailUrl\"  ><img decoding=\"async\" fetchpriority=\"high\" class=\"wp-image-5329 avia-img-lazy-loading-not-5329\"   src=\"https:\/\/www.marianogarau.org\/wp-content\/uploads\/2022\/09\/I-bambini-di-Fatima-678x381-1-495x381.jpg\" width=\"495\" height=\"381\"  title='' alt='' \/><div class='big-prev-fake'><img decoding=\"async\" loading=\"lazy\" class=\"wp-image-5329 avia-img-lazy-loading-5329\"  width=\"495\" height=\"381\" src=\"https:\/\/www.marianogarau.org\/wp-content\/uploads\/2022\/09\/I-bambini-di-Fatima-678x381-1-495x381.jpg\" title='' alt='' \/><\/div><\/a><\/div><\/div><\/div>\n<div  class='flex_column av-22g5kq-5537fb7a98667ecc1db7eca0f8145053 av_two_third  avia-builder-el-7  el_after_av_one_third  avia-builder-el-last  flex_column_div'     ><section  class='av_textblock_section av-l8d6ygd1-c55b4ae445b2c9aefb954e9a5f9f3337'   itemscope=\"itemscope\" itemtype=\"https:\/\/schema.org\/CreativeWork\" ><div class='avia_textblock'  itemprop=\"text\" ><h2 class=\"m_-27819487921396017null\" style=\"text-align: center;\"><strong>Les enfants de Fatima et le miracle du soleil <\/strong><\/h2>\n<h2 class=\"m_-27819487921396017null\" style=\"text-align: center;\"><strong>ferme Assisi Suono Sacro 2017<\/strong><\/h2>\n<p>Dimanche\u00a0<strong>6 ao\u00fbt<\/strong>\u00a0\u00e0 l'adresse\u00a0<strong>21.00<\/strong>\u00a0Assisi Suono Sacro se termine, comme le veut la tradition, par un rendez-vous sign\u00e9 par Adagio Art Agency avec l'International Opera Theater of Philadelphia en collaboration avec le Santuario Di Fatima di Citt\u00e0 Della Pieve et sous le patronage de la Comune di Citt\u00e0 della Pieve et de Proloco Associazione Turistica Pievese.  \u00c0 l'occasion des c\u00e9l\u00e9brations du centenaire de l'apparition de Fatima, un spectacle sera propos\u00e9 au Sanctuaire de Notre-Dame de Fatima \u00e0\u00a0<strong>Ville de Pieve<\/strong>la premi\u00e8re en Italie qui lui soit consacr\u00e9e, la premi\u00e8re mondiale de la cantate\u00a0<a href=\"https:\/\/www.assisioggi.it\/arte-cultura\/bambini-fatima-miracolo-del-sole-chiude-assisi-suono-sacro-2017-34084\/\"><strong>Les enfants de Fatima et le miracle du soleil<\/strong><\/a>.<\/p>\n<p>Le projet est \u00e9crit et r\u00e9alis\u00e9 par Karen Lauria Saillant sur une musique de <strong>Mariano Garau<\/strong> tir\u00e9e et inspir\u00e9e par Hildegard von Bingen.<\/p>\n<p>Avec les tr\u00e8s jeunes artistes du Children's Choir de l'Internationa Theatre of Philadelphia Young Company. Alors que les r\u00f4les des vertus de Sainte Hildegarde,\u00a0<strong>Les vertus de sainte Hildegard Von Bingen<\/strong>sont jou\u00e9s par Alessandra Di Benedetto, Lexi Foss, Emma Hodges, Zo\u00eb Latanision, Madeline Fox, Orlando, Rhea Parikh.<\/p>\n<p>Et avec Jennifer Parker, mezzo soprano dans le r\u00f4le de l'ange et de la madone de Fatima ; Katie Poliero dans le r\u00f4le de Lucia, Soren Schwerner dans le r\u00f4le de Francesco, Eleonora Paolantoni dans le r\u00f4le de Jacinta.<\/p>\n<p>Les costumes sont de Katherine Martin, Miacela Valentini et Hailey Bryant. Les traductions en italien sont de Maria Luisa Meo.<br \/>\nLe projet b\u00e9n\u00e9ficie du patronage de la municipalit\u00e9 de Citt\u00e0 della Pieve et de la Proloco Associazione Turistica Pievese.<\/p>\n<\/div><\/section><\/div>","protected":false},"excerpt":{"rendered":"","protected":false},"author":4,"featured_media":5653,"parent":0,"menu_order":0,"comment_status":"closed","ping_status":"closed","template":"","meta":{"footnotes":""},"class_list":["post-5306","page","type-page","status-publish","has-post-thumbnail","hentry"],"yoast_head":"<!-- This site is optimized with the Yoast SEO plugin v27.4 - https:\/\/yoast.com\/product\/yoast-seo-wordpress\/ -->\n<title>I Bambini di Fatima - Mariano Garau - Compositore<\/title>\n<meta name=\"robots\" content=\"index, follow, max-snippet:-1, max-image-preview:large, max-video-preview:-1\" \/>\n<link rel=\"canonical\" href=\"https:\/\/www.marianogarau.org\/fr\/i-bambini-di-fatima\/\" \/>\n<meta property=\"og:locale\" content=\"fr_FR\" \/>\n<meta property=\"og:type\" content=\"article\" \/>\n<meta property=\"og:title\" content=\"I Bambini di Fatima - Mariano Garau - Compositore\" \/>\n<meta property=\"og:url\" content=\"https:\/\/www.marianogarau.org\/fr\/i-bambini-di-fatima\/\" \/>\n<meta property=\"og:site_name\" content=\"Mariano Garau - Compositore\" \/>\n<meta property=\"article:modified_time\" content=\"2022-10-28T15:27:48+00:00\" \/>\n<meta property=\"og:image\" content=\"https:\/\/www.marianogarau.org\/wp-content\/uploads\/2022\/10\/I-bambini-di-Fatima-678x381-1.jpg\" \/>\n\t<meta property=\"og:image:width\" content=\"678\" \/>\n\t<meta property=\"og:image:height\" content=\"381\" \/>\n\t<meta property=\"og:image:type\" content=\"image\/jpeg\" \/>\n<meta name=\"twitter:card\" content=\"summary_large_image\" \/>\n<meta name=\"twitter:site\" content=\"@MarianoGarau\" \/>\n<meta name=\"twitter:label1\" content=\"Dur\u00e9e de lecture estim\u00e9e\" \/>\n\t<meta name=\"twitter:data1\" content=\"6 minutes\" \/>\n<script type=\"application\/ld+json\" class=\"yoast-schema-graph\">{\"@context\":\"https:\\\/\\\/schema.org\",\"@graph\":[{\"@type\":\"WebPage\",\"@id\":\"https:\\\/\\\/www.marianogarau.org\\\/i-bambini-di-fatima\\\/\",\"url\":\"https:\\\/\\\/www.marianogarau.org\\\/i-bambini-di-fatima\\\/\",\"name\":\"I Bambini di Fatima - Mariano Garau - Compositore\",\"isPartOf\":{\"@id\":\"https:\\\/\\\/www.marianogarau.org\\\/#website\"},\"primaryImageOfPage\":{\"@id\":\"https:\\\/\\\/www.marianogarau.org\\\/i-bambini-di-fatima\\\/#primaryimage\"},\"image\":{\"@id\":\"https:\\\/\\\/www.marianogarau.org\\\/i-bambini-di-fatima\\\/#primaryimage\"},\"thumbnailUrl\":\"https:\\\/\\\/www.marianogarau.org\\\/wp-content\\\/uploads\\\/2022\\\/10\\\/I-bambini-di-Fatima-678x381-1.jpg\",\"datePublished\":\"2022-09-22T14:56:42+00:00\",\"dateModified\":\"2022-10-28T15:27:48+00:00\",\"breadcrumb\":{\"@id\":\"https:\\\/\\\/www.marianogarau.org\\\/i-bambini-di-fatima\\\/#breadcrumb\"},\"inLanguage\":\"fr-FR\",\"potentialAction\":[{\"@type\":\"ReadAction\",\"target\":[\"https:\\\/\\\/www.marianogarau.org\\\/i-bambini-di-fatima\\\/\"]}]},{\"@type\":\"ImageObject\",\"inLanguage\":\"fr-FR\",\"@id\":\"https:\\\/\\\/www.marianogarau.org\\\/i-bambini-di-fatima\\\/#primaryimage\",\"url\":\"https:\\\/\\\/www.marianogarau.org\\\/wp-content\\\/uploads\\\/2022\\\/10\\\/I-bambini-di-Fatima-678x381-1.jpg\",\"contentUrl\":\"https:\\\/\\\/www.marianogarau.org\\\/wp-content\\\/uploads\\\/2022\\\/10\\\/I-bambini-di-Fatima-678x381-1.jpg\",\"width\":678,\"height\":381},{\"@type\":\"BreadcrumbList\",\"@id\":\"https:\\\/\\\/www.marianogarau.org\\\/i-bambini-di-fatima\\\/#breadcrumb\",\"itemListElement\":[{\"@type\":\"ListItem\",\"position\":1,\"name\":\"Home\",\"item\":\"https:\\\/\\\/www.marianogarau.org\\\/\"},{\"@type\":\"ListItem\",\"position\":2,\"name\":\"I Bambini di Fatima\"}]},{\"@type\":\"WebSite\",\"@id\":\"https:\\\/\\\/www.marianogarau.org\\\/#website\",\"url\":\"https:\\\/\\\/www.marianogarau.org\\\/\",\"name\":\"Mariano Garau - Compositore\",\"description\":\"Compositore di Musica\",\"publisher\":{\"@id\":\"https:\\\/\\\/www.marianogarau.org\\\/#\\\/schema\\\/person\\\/e4d73d58aa8bf49287956511f05bd4b0\"},\"potentialAction\":[{\"@type\":\"SearchAction\",\"target\":{\"@type\":\"EntryPoint\",\"urlTemplate\":\"https:\\\/\\\/www.marianogarau.org\\\/?s={search_term_string}\"},\"query-input\":{\"@type\":\"PropertyValueSpecification\",\"valueRequired\":true,\"valueName\":\"search_term_string\"}}],\"inLanguage\":\"fr-FR\"},{\"@type\":[\"Person\",\"Organization\"],\"@id\":\"https:\\\/\\\/www.marianogarau.org\\\/#\\\/schema\\\/person\\\/e4d73d58aa8bf49287956511f05bd4b0\",\"name\":\"Mariano Garau\",\"image\":{\"@type\":\"ImageObject\",\"inLanguage\":\"fr-FR\",\"@id\":\"https:\\\/\\\/www.marianogarau.org\\\/wp-content\\\/uploads\\\/2017\\\/05\\\/MARIANO-GARAU-LOGO-1.png\",\"url\":\"https:\\\/\\\/www.marianogarau.org\\\/wp-content\\\/uploads\\\/2017\\\/05\\\/MARIANO-GARAU-LOGO-1.png\",\"contentUrl\":\"https:\\\/\\\/www.marianogarau.org\\\/wp-content\\\/uploads\\\/2017\\\/05\\\/MARIANO-GARAU-LOGO-1.png\",\"width\":680,\"height\":312,\"caption\":\"Mariano Garau\"},\"logo\":{\"@id\":\"https:\\\/\\\/www.marianogarau.org\\\/wp-content\\\/uploads\\\/2017\\\/05\\\/MARIANO-GARAU-LOGO-1.png\"},\"sameAs\":[\"http:\\\/\\\/www.marianogarau.org\"]}]}<\/script>\n<!-- \/ Yoast SEO plugin. -->","yoast_head_json":{"title":"Les enfants de Fatima - Mariano Garau - Compositeur","robots":{"index":"index","follow":"follow","max-snippet":"max-snippet:-1","max-image-preview":"max-image-preview:large","max-video-preview":"max-video-preview:-1"},"canonical":"https:\/\/www.marianogarau.org\/fr\/i-bambini-di-fatima\/","og_locale":"fr_FR","og_type":"article","og_title":"I Bambini di Fatima - Mariano Garau - Compositore","og_url":"https:\/\/www.marianogarau.org\/fr\/i-bambini-di-fatima\/","og_site_name":"Mariano Garau - Compositore","article_modified_time":"2022-10-28T15:27:48+00:00","og_image":[{"width":678,"height":381,"url":"https:\/\/www.marianogarau.org\/wp-content\/uploads\/2022\/10\/I-bambini-di-Fatima-678x381-1.jpg","type":"image\/jpeg"}],"twitter_card":"summary_large_image","twitter_site":"@MarianoGarau","twitter_misc":{"Dur\u00e9e de lecture estim\u00e9e":"6 minutes"},"schema":{"@context":"https:\/\/schema.org","@graph":[{"@type":"WebPage","@id":"https:\/\/www.marianogarau.org\/i-bambini-di-fatima\/","url":"https:\/\/www.marianogarau.org\/i-bambini-di-fatima\/","name":"Les enfants de Fatima - Mariano Garau - Compositeur","isPartOf":{"@id":"https:\/\/www.marianogarau.org\/#website"},"primaryImageOfPage":{"@id":"https:\/\/www.marianogarau.org\/i-bambini-di-fatima\/#primaryimage"},"image":{"@id":"https:\/\/www.marianogarau.org\/i-bambini-di-fatima\/#primaryimage"},"thumbnailUrl":"https:\/\/www.marianogarau.org\/wp-content\/uploads\/2022\/10\/I-bambini-di-Fatima-678x381-1.jpg","datePublished":"2022-09-22T14:56:42+00:00","dateModified":"2022-10-28T15:27:48+00:00","breadcrumb":{"@id":"https:\/\/www.marianogarau.org\/i-bambini-di-fatima\/#breadcrumb"},"inLanguage":"fr-FR","potentialAction":[{"@type":"ReadAction","target":["https:\/\/www.marianogarau.org\/i-bambini-di-fatima\/"]}]},{"@type":"ImageObject","inLanguage":"fr-FR","@id":"https:\/\/www.marianogarau.org\/i-bambini-di-fatima\/#primaryimage","url":"https:\/\/www.marianogarau.org\/wp-content\/uploads\/2022\/10\/I-bambini-di-Fatima-678x381-1.jpg","contentUrl":"https:\/\/www.marianogarau.org\/wp-content\/uploads\/2022\/10\/I-bambini-di-Fatima-678x381-1.jpg","width":678,"height":381},{"@type":"BreadcrumbList","@id":"https:\/\/www.marianogarau.org\/i-bambini-di-fatima\/#breadcrumb","itemListElement":[{"@type":"ListItem","position":1,"name":"Home","item":"https:\/\/www.marianogarau.org\/"},{"@type":"ListItem","position":2,"name":"I Bambini di Fatima"}]},{"@type":"WebSite","@id":"https:\/\/www.marianogarau.org\/#website","url":"https:\/\/www.marianogarau.org\/","name":"Mariano Garau - Compositeur","description":"Compositeur de musique","publisher":{"@id":"https:\/\/www.marianogarau.org\/#\/schema\/person\/e4d73d58aa8bf49287956511f05bd4b0"},"potentialAction":[{"@type":"SearchAction","target":{"@type":"EntryPoint","urlTemplate":"https:\/\/www.marianogarau.org\/?s={search_term_string}"},"query-input":{"@type":"PropertyValueSpecification","valueRequired":true,"valueName":"search_term_string"}}],"inLanguage":"fr-FR"},{"@type":["Person","Organization"],"@id":"https:\/\/www.marianogarau.org\/#\/schema\/person\/e4d73d58aa8bf49287956511f05bd4b0","name":"Mariano Garau","image":{"@type":"ImageObject","inLanguage":"fr-FR","@id":"https:\/\/www.marianogarau.org\/wp-content\/uploads\/2017\/05\/MARIANO-GARAU-LOGO-1.png","url":"https:\/\/www.marianogarau.org\/wp-content\/uploads\/2017\/05\/MARIANO-GARAU-LOGO-1.png","contentUrl":"https:\/\/www.marianogarau.org\/wp-content\/uploads\/2017\/05\/MARIANO-GARAU-LOGO-1.png","width":680,"height":312,"caption":"Mariano Garau"},"logo":{"@id":"https:\/\/www.marianogarau.org\/wp-content\/uploads\/2017\/05\/MARIANO-GARAU-LOGO-1.png"},"sameAs":["http:\/\/www.marianogarau.org"]}]}},"_links":{"self":[{"href":"http:\/\/www.marianogarau.org\/fr\/wp-json\/wp\/v2\/pages\/5306","targetHints":{"allow":["GET"]}}],"collection":[{"href":"http:\/\/www.marianogarau.org\/fr\/wp-json\/wp\/v2\/pages"}],"about":[{"href":"http:\/\/www.marianogarau.org\/fr\/wp-json\/wp\/v2\/types\/page"}],"author":[{"embeddable":true,"href":"http:\/\/www.marianogarau.org\/fr\/wp-json\/wp\/v2\/users\/4"}],"replies":[{"embeddable":true,"href":"http:\/\/www.marianogarau.org\/fr\/wp-json\/wp\/v2\/comments?post=5306"}],"version-history":[{"count":0,"href":"http:\/\/www.marianogarau.org\/fr\/wp-json\/wp\/v2\/pages\/5306\/revisions"}],"wp:featuredmedia":[{"embeddable":true,"href":"http:\/\/www.marianogarau.org\/fr\/wp-json\/wp\/v2\/media\/5653"}],"wp:attachment":[{"href":"http:\/\/www.marianogarau.org\/fr\/wp-json\/wp\/v2\/media?parent=5306"}],"curies":[{"name":"wp","href":"https:\/\/api.w.org\/{rel}","templated":true}]}}